{"id":33,"date":"2014-01-02T19:37:21","date_gmt":"2014-01-02T21:37:21","guid":{"rendered":"http:\/\/paulistapneus.com.br\/site\/?page_id=33"},"modified":"2014-01-02T19:46:54","modified_gmt":"2014-01-02T21:46:54","slug":"alinhamento-e-balanceamento","status":"publish","type":"page","link":"http:\/\/paulistapneus.com.br\/site\/?page_id=33","title":{"rendered":"Alinhamento e Balanceamento"},"content":{"rendered":"<p><a href=\"http:\/\/paulistapneus.com.br\/site\/wp-content\/uploads\/Alinhamento.jpg\"><img decoding=\"async\" loading=\"lazy\" class=\"alignnone size-large wp-image-63\" alt=\"Alinhamento\" src=\"http:\/\/paulistapneus.com.br\/site\/wp-content\/uploads\/Alinhamento-1024x333.jpg\" width=\"700\" height=\"227\" srcset=\"http:\/\/paulistapneus.com.br\/site\/wp-content\/uploads\/Alinhamento-1024x333.jpg 1024w, http:\/\/paulistapneus.com.br\/site\/wp-content\/uploads\/Alinhamento-300x97.jpg 300w, http:\/\/paulistapneus.com.br\/site\/wp-content\/uploads\/Alinhamento.jpg 1288w\" sizes=\"(max-width: 700px) 100vw, 700px\" \/><\/a><br \/>\nSe voc\u00ea percebe que seu carro puxa para a direita ou esquerda quando voc\u00ea libera o volante por um curto per\u00edodo de tempo, voc\u00ea precisa verificar o alinhamento do seu ve\u00edculo.<\/p>\n<p>Em outra circunst\u00e2ncia, se nota que o volante vibra, treme um pouco ou o seu carro apresenta barulhos em determinadas velocidades, voc\u00ea precisa verificar o balanceamento das rodas de seu carro.<\/p>\n<p>O alinhamento de um ve\u00edculo \u00e9 para ajustar os \u00e2ngulos das rodas, mantendo-as perpendiculares ao solo e paralelas entre si. J\u00e1 o balanceamento de um pneu permite que a roda gire sem provocar vibra\u00e7\u00f5es nos ve\u00edculos em determinadas velocidades.<\/p>\n<p><span style=\"font-size: 13px;\">Por que fazer alinhamento \u00e9 importante?<br \/>\nNa maioria dos carros, o alinhamento previne o desgaste irregular dos pneus, aumentando a sua vida \u00fatil, o aumento do atrito do pneu no solo, contribuindo para a economia de combust\u00edvel do ve\u00edculo e o deslocamento do ve\u00edculo, melhorando a dirigibilidade e a seguran\u00e7a\u2026.<\/span><\/p>\n<p><span style=\"font-size: 13px;\">Por que fazer o balanceamento \u00e9 importante?<br \/>\nA primeira conseq\u00fc\u00eancia \u00e9 o desconforto. A n\u00e3o realiza\u00e7\u00e3o do balanceamento ou de um procedimento mal feito nas rodas dianteiras e traseiras se materializar\u00e3o atrav\u00e9s de vibra\u00e7\u00f5es, seja no volante, no piso do carro, no painel de instrumentos ou nos assentos, em distintas faixas de velocidades.\u00a0<\/span><\/p>\n<p><span style=\"font-size: 13px;\">Por que um ve\u00edculo perde o seu alinhamento?<br \/>\nO alinhamento do carro fica comprometido, com o passar do tempo, por causa do choque do pneu com uma cal\u00e7ada, buracos nas pistas ou mesmo em acidentes mais graves como uma batida.\u00a0<\/span><\/p>\n<p><span style=\"font-size: 13px;\">Quando o ve\u00edculo est\u00e1 desalinhado, as bordas (ombros) dos pneus se desgastam mais rapidamente, comprometendo o desempenho do ve\u00edculo. Isso far\u00e1 com que voc\u00ea tenha que trocar os pneus antes do esperado.\u00a0<\/span><\/p>\n<p><span style=\"font-size: 13px;\">Um simples desalinhamento pode ocasionar s\u00e9rios problemas, j\u00e1 que o objetivo \u00e9 otimizar a dirigibilidade e maximizar a vida \u00fatil dos pneus.<\/span><\/p>\n<p><span style=\"font-size: 13px;\">Quando alinhar<\/span><\/p>\n<p>Tempo certo:\u00a0Em todas as revis\u00f5es peri\u00f3dicas estipuladas pelo fabricante do ve\u00edculo<\/p>\n<p>Incidentes:\u00a0Sempre ap\u00f3s um impacto forte contra buracos, pedras, guias ou outros objetos<\/p>\n<p>Ocasi\u00f5es:\u00a0Sempre que houver a substitui\u00e7\u00e3o de algum elemento da suspens\u00e3o ou da dire\u00e7\u00e3o<\/p>\n<p>Percep\u00e7\u00e3o: Toda vez que notar algum comportamento estranho no ve\u00edculo, tendendo a ir mais Para um lado ou com dificuldade de se manter na trajet\u00f3ria<\/p>\n<p>Visual:\u00a0Quando forem verificados desgastes irregulares nos pneus<\/p>\n<p>Troca:\u00a0Sempre que houver substitui\u00e7\u00e3o de pneus<\/p>\n","protected":false},"excerpt":{"rendered":"<p>Se voc\u00ea percebe que seu carro puxa para a direita ou esquerda quando voc\u00ea libera o volante por um curto per\u00edodo de tempo, voc\u00ea precisa verificar o alinhamento do seu ve\u00edculo. Em outra circunst\u00e2ncia, se nota que o volante vibra, treme um pouco ou o seu carro apresenta barulhos em determinadas velocidades, voc\u00ea precisa verificar&hellip;<\/p>\n","protected":false},"author":1,"featured_media":0,"parent":0,"menu_order":0,"comment_status":"closed","ping_status":"closed","template":"","meta":{"ngg_post_thumbnail":0},"_links":{"self":[{"href":"http:\/\/paulistapneus.com.br\/site\/index.php?rest_route=\/wp\/v2\/pages\/33"}],"collection":[{"href":"http:\/\/paulistapneus.com.br\/site\/index.php?rest_route=\/wp\/v2\/pages"}],"about":[{"href":"http:\/\/paulistapneus.com.br\/site\/index.php?rest_route=\/wp\/v2\/types\/page"}],"author":[{"embeddable":true,"href":"http:\/\/paulistapneus.com.br\/site\/index.php?rest_route=\/wp\/v2\/users\/1"}],"replies":[{"embeddable":true,"href":"http:\/\/paulistapneus.com.br\/site\/index.php?rest_route=%2Fwp%2Fv2%2Fcomments&post=33"}],"version-history":[{"count":6,"href":"http:\/\/paulistapneus.com.br\/site\/index.php?rest_route=\/wp\/v2\/pages\/33\/revisions"}],"predecessor-version":[{"id":64,"href":"http:\/\/paulistapneus.com.br\/site\/index.php?rest_route=\/wp\/v2\/pages\/33\/revisions\/64"}],"wp:attachment":[{"href":"http:\/\/paulistapneus.com.br\/site\/index.php?rest_route=%2Fwp%2Fv2%2Fmedia&parent=33"}],"curies":[{"name":"wp","href":"https:\/\/api.w.org\/{rel}","templated":true}]}}