{"id":37,"date":"2014-01-02T19:37:46","date_gmt":"2014-01-02T21:37:46","guid":{"rendered":"http:\/\/paulistapneus.com.br\/site\/?page_id=37"},"modified":"2014-01-02T19:50:20","modified_gmt":"2014-01-02T21:50:20","slug":"baterias","status":"publish","type":"page","link":"http:\/\/paulistapneus.com.br\/site\/?page_id=37","title":{"rendered":"Baterias"},"content":{"rendered":"<p><a href=\"http:\/\/paulistapneus.com.br\/site\/wp-content\/uploads\/bateria.jpg\"><img decoding=\"async\" loading=\"lazy\" class=\"alignnone size-large wp-image-66\" alt=\"bateria\" src=\"http:\/\/paulistapneus.com.br\/site\/wp-content\/uploads\/bateria-1024x333.jpg\" width=\"700\" height=\"227\" srcset=\"http:\/\/paulistapneus.com.br\/site\/wp-content\/uploads\/bateria-1024x333.jpg 1024w, http:\/\/paulistapneus.com.br\/site\/wp-content\/uploads\/bateria-300x97.jpg 300w, http:\/\/paulistapneus.com.br\/site\/wp-content\/uploads\/bateria.jpg 1288w\" sizes=\"(max-width: 700px) 100vw, 700px\" \/><\/a><br \/>\nAo ligar o autom\u00f3vel, voc\u00ea percebe que o motor gira pesado, e teima em n\u00e3o dar partida. Ou ent\u00e3o, ao ligar os far\u00f3is e o som do autom\u00f3vel, voc\u00ea percebe que as luzes do painel come\u00e7am a enfraquecer. Provavelmente, voc\u00ea deve estar com problemas em sua Bateria.<\/p>\n<p>&nbsp;<\/p>\n<p>A condi\u00e7\u00e3o das placas met\u00e1licas dentro da bateria \u00e9 que determina se uma bateria ainda \u00e9 ou n\u00e3o aproveit\u00e1vel.<\/p>\n<p>A corrente el\u00e9trica \u00e9 produzida quando o \u00e1cido sulf\u00farico da bateria reage com chumbo nas placas celulares.<\/p>\n<p>O sulfato do processo com o passar do tempo acumula-se nas placas e isso reduz a capacidade de produ\u00e7\u00e3o el\u00e9trica da bateria.<\/p>\n<p>O sulfato \u00e9 devolvido \u00e0 solu\u00e7\u00e3o quando o alternador recarrega a bateria, for\u00e7ando que a corrente flua em sentido contr\u00e1rio. Logo o sulfato torna-se permanentemente ligado \u00e0s placas.<\/p>\n<p>O sulfato forma uma barreira que diminui cada vez mais a capacidade da bateria de produzir e armazenar eletricidade. Este processo pode ser acelerado se a bateria ficar descarregada por alguns dias. Se as placas se tornaram sulfatados, portanto, a bateria n\u00e3o ir\u00e1 aceitar uma carga e ter\u00e1 de ser substitu\u00edda.<\/p>\n<p>&nbsp;<\/p>\n<p>A vida m\u00e9dia da bateria \u00e9 de at\u00e9 tr\u00eas anos na melhor das circunst\u00e2ncias \u2013 e \u00e0s vezes t\u00e3o curtos como um ou dois anos, principalmente em regi\u00f5es de climas quentes, como o Norte e Nordeste.<\/p>\n<p>Mas a bateria pode tornar-se &#8220;sulfatada&#8221; prematuramente se for cronicamente descarregada (carregamento com problemas ou viagens curtas freq\u00fcentes), ou ainda se o n\u00edvel de \u00e1gua dentro da bateria cair abaixo do topo das placas celulares em decorr\u00eancia do tempo quente ou de sobrecargas.<\/p>\n","protected":false},"excerpt":{"rendered":"<p>Ao ligar o autom\u00f3vel, voc\u00ea percebe que o motor gira pesado, e teima em n\u00e3o dar partida. Ou ent\u00e3o, ao ligar os far\u00f3is e o som do autom\u00f3vel, voc\u00ea percebe que as luzes do painel come\u00e7am a enfraquecer. Provavelmente, voc\u00ea deve estar com problemas em sua Bateria. &nbsp; A condi\u00e7\u00e3o das placas met\u00e1licas dentro da&hellip;<\/p>\n","protected":false},"author":1,"featured_media":0,"parent":0,"menu_order":0,"comment_status":"closed","ping_status":"closed","template":"","meta":{"ngg_post_thumbnail":0},"_links":{"self":[{"href":"http:\/\/paulistapneus.com.br\/site\/index.php?rest_route=\/wp\/v2\/pages\/37"}],"collection":[{"href":"http:\/\/paulistapneus.com.br\/site\/index.php?rest_route=\/wp\/v2\/pages"}],"about":[{"href":"http:\/\/paulistapneus.com.br\/site\/index.php?rest_route=\/wp\/v2\/types\/page"}],"author":[{"embeddable":true,"href":"http:\/\/paulistapneus.com.br\/site\/index.php?rest_route=\/wp\/v2\/users\/1"}],"replies":[{"embeddable":true,"href":"http:\/\/paulistapneus.com.br\/site\/index.php?rest_route=%2Fwp%2Fv2%2Fcomments&post=37"}],"version-history":[{"count":3,"href":"http:\/\/paulistapneus.com.br\/site\/index.php?rest_route=\/wp\/v2\/pages\/37\/revisions"}],"predecessor-version":[{"id":67,"href":"http:\/\/paulistapneus.com.br\/site\/index.php?rest_route=\/wp\/v2\/pages\/37\/revisions\/67"}],"wp:attachment":[{"href":"http:\/\/paulistapneus.com.br\/site\/index.php?rest_route=%2Fwp%2Fv2%2Fmedia&parent=37"}],"curies":[{"name":"wp","href":"https:\/\/api.w.org\/{rel}","templated":true}]}}