{"id":45,"date":"2014-01-02T19:38:41","date_gmt":"2014-01-02T21:38:41","guid":{"rendered":"http:\/\/paulistapneus.com.br\/site\/?page_id=45"},"modified":"2014-01-02T19:57:12","modified_gmt":"2014-01-02T21:57:12","slug":"suspensao","status":"publish","type":"page","link":"http:\/\/paulistapneus.com.br\/site\/?page_id=45","title":{"rendered":"Suspens\u00e3o"},"content":{"rendered":"<p><a href=\"http:\/\/paulistapneus.com.br\/site\/wp-content\/uploads\/suspensao.jpg\"><img decoding=\"async\" loading=\"lazy\" class=\"alignnone size-large wp-image-80\" alt=\"suspensao\" src=\"http:\/\/paulistapneus.com.br\/site\/wp-content\/uploads\/suspensao-1024x333.jpg\" width=\"700\" height=\"227\" srcset=\"http:\/\/paulistapneus.com.br\/site\/wp-content\/uploads\/suspensao-1024x333.jpg 1024w, http:\/\/paulistapneus.com.br\/site\/wp-content\/uploads\/suspensao-300x97.jpg 300w, http:\/\/paulistapneus.com.br\/site\/wp-content\/uploads\/suspensao.jpg 1288w\" sizes=\"(max-width: 700px) 100vw, 700px\" \/><\/a><\/p>\n<p>A suspens\u00e3o \u00e9 um sistema que tem a fun\u00e7\u00e3o de absorver as vibra\u00e7\u00f5es e choque das rodas, proporcionando conforto aos ocupantes do ve\u00edculo e garantindo o contato das rodas com o solo.<\/p>\n<p>Formada por uma s\u00e9rie de componentes (amortecedores, molas, bandejas, bra\u00e7os, piv\u00f4s, barra estabilizadora e bieletas), a suspens\u00e3o sofre natural com o uso, podendo prejudicar o desemprenho do ve\u00edculo que fica mais vulner\u00e1vel ao fazer curvas, ao trafegar em solos irregulares e outras situa\u00e7\u00f5es comuns em nossas estradas e ruas.\u200b<\/p>\n","protected":false},"excerpt":{"rendered":"<p>A suspens\u00e3o \u00e9 um sistema que tem a fun\u00e7\u00e3o de absorver as vibra\u00e7\u00f5es e choque das rodas, proporcionando conforto aos ocupantes do ve\u00edculo e garantindo o contato das rodas com o solo. Formada por uma s\u00e9rie de componentes (amortecedores, molas, bandejas, bra\u00e7os, piv\u00f4s, barra estabilizadora e bieletas), a suspens\u00e3o sofre natural com o uso, podendo&hellip;<\/p>\n","protected":false},"author":1,"featured_media":0,"parent":0,"menu_order":0,"comment_status":"closed","ping_status":"closed","template":"","meta":{"ngg_post_thumbnail":0},"_links":{"self":[{"href":"http:\/\/paulistapneus.com.br\/site\/index.php?rest_route=\/wp\/v2\/pages\/45"}],"collection":[{"href":"http:\/\/paulistapneus.com.br\/site\/index.php?rest_route=\/wp\/v2\/pages"}],"about":[{"href":"http:\/\/paulistapneus.com.br\/site\/index.php?rest_route=\/wp\/v2\/types\/page"}],"author":[{"embeddable":true,"href":"http:\/\/paulistapneus.com.br\/site\/index.php?rest_route=\/wp\/v2\/users\/1"}],"replies":[{"embeddable":true,"href":"http:\/\/paulistapneus.com.br\/site\/index.php?rest_route=%2Fwp%2Fv2%2Fcomments&post=45"}],"version-history":[{"count":2,"href":"http:\/\/paulistapneus.com.br\/site\/index.php?rest_route=\/wp\/v2\/pages\/45\/revisions"}],"predecessor-version":[{"id":81,"href":"http:\/\/paulistapneus.com.br\/site\/index.php?rest_route=\/wp\/v2\/pages\/45\/revisions\/81"}],"wp:attachment":[{"href":"http:\/\/paulistapneus.com.br\/site\/index.php?rest_route=%2Fwp%2Fv2%2Fmedia&parent=45"}],"curies":[{"name":"wp","href":"https:\/\/api.w.org\/{rel}","templated":true}]}}