{"id":9,"date":"2014-01-02T20:59:50","date_gmt":"2014-01-02T22:59:50","guid":{"rendered":"http:\/\/paulistapneus.com.br\/site\/?page_id=9"},"modified":"2014-01-02T21:13:21","modified_gmt":"2014-01-02T23:13:21","slug":"dicas","status":"publish","type":"page","link":"http:\/\/paulistapneus.com.br\/site\/?page_id=9","title":{"rendered":"Dicas"},"content":{"rendered":"<h1>Seu carro foi afetado pela enchente? Saiba o que fazer<\/h1>\n<p>Seguros d\u00e3o cobertura total ou parcial em caso de inunda\u00e7\u00e3o do carro.<br \/>\nVeja que cuidados tomar para n\u00e3o ficar no preju\u00edzo.<br \/>\n<a href=\"http:\/\/paulistapneus.com.br\/site\/wp-content\/uploads\/inundacao.jpg\"><img decoding=\"async\" loading=\"lazy\" class=\"alignnone size-full wp-image-148\" alt=\"inundacao\" src=\"http:\/\/paulistapneus.com.br\/site\/wp-content\/uploads\/inundacao.jpg\" width=\"655\" height=\"300\" srcset=\"http:\/\/paulistapneus.com.br\/site\/wp-content\/uploads\/inundacao.jpg 655w, http:\/\/paulistapneus.com.br\/site\/wp-content\/uploads\/inundacao-300x137.jpg 300w\" sizes=\"(max-width: 655px) 100vw, 655px\" \/><\/a><\/p>\n<p>Come\u00e7ou a chover forte, o tr\u00e2nsito parou, o temporal engrossou e, de repente, a \u00e1gua come\u00e7a a entrar dentro do carro. E agora? Muita gente viveu este drama com a forte chuva que caiu na tarde desta ter\u00e7a-feira (17) em S\u00e3o Paulo e no Grande ABC, ou que inundou v\u00e1rios bairros de Belo Horizonte na segunda-feira (16). Carro e enchente \u00e9 uma combina\u00e7\u00e3o perigosa para a seguran\u00e7a e para o bolso.<\/p>\n<p>&nbsp;<\/p>\n<p>Muita gente, na esperan\u00e7a de salvar o autom\u00f3vel do alagamento, acaba colocando a pr\u00f3pria vida em risco. Por isso \u00e9 importante seguir algumas dicas e, acima de tudo, ter muito cuidado &#8211; e fazer o seguro do carro. Confira abaixo cinco dicas fundamentais:<\/p>\n<p>&nbsp;<\/p>\n<p><strong>Antes de tudo, fa\u00e7a o seguro do carro<\/strong><\/p>\n<p>Desde 2004, a Superintend\u00eancia de Seguros Privados (Susep), \u00f3rg\u00e3o que fiscaliza as opera\u00e7\u00f5es de seguro, determinou que todos os planos b\u00e1sicos \u2013 com cobertura contra colis\u00e3o, inc\u00eandio e roubo \u2013 se responsabilizem tamb\u00e9m por submers\u00e3o total ou parcial do ve\u00edculo em \u00e1gua doce, inclusive se ele estiver guardado no subsolo. \u201cQuando a \u00e1gua fica abaixo do painel, \u00e0s vezes \u00e9 pass\u00edvel de recupera\u00e7\u00e3o, mas quando o motor \u00e9 afetado, se aproxima de uma perda total, quando o preju\u00edzo supera 75% do valor segurado\u201d, explica Marcelo Sebasti\u00e3o, diretor do produto auto da Porto Seguro. Ter o carro assegurado garante que uma enchente n\u00e3o seja um grande preju\u00edzo para o propriet\u00e1rio do autom\u00f3vel.<\/p>\n<p><strong>Na hora da chuva<\/strong><\/p>\n<p>Dirigir na chuva exige aten\u00e7\u00e3o redobrada do motorista.<\/p>\n<p>&nbsp;<\/p>\n<p>As recomenda\u00e7\u00f5es b\u00e1sicas, independente de uma chuva fina ou uma pancada, s\u00e3o diminuir a velocidade, acender o farol, ligar o limpador de p\u00e1ra-brisa, o desemba\u00e7ador e manter a dist\u00e2ncia de pelo menos dois carros em rela\u00e7\u00e3o ao autom\u00f3vel\u00a0\u00e0 sua frente.<br \/>\n<a href=\"http:\/\/paulistapneus.com.br\/site\/wp-content\/uploads\/dica-seguranca-chuva.jpg\"><img decoding=\"async\" loading=\"lazy\" class=\"alignnone size-full wp-image-149\" alt=\"dica-seguranca-chuva\" src=\"http:\/\/paulistapneus.com.br\/site\/wp-content\/uploads\/dica-seguranca-chuva.jpg\" width=\"600\" height=\"400\" srcset=\"http:\/\/paulistapneus.com.br\/site\/wp-content\/uploads\/dica-seguranca-chuva.jpg 600w, http:\/\/paulistapneus.com.br\/site\/wp-content\/uploads\/dica-seguranca-chuva-300x200.jpg 300w\" sizes=\"(max-width: 600px) 100vw, 600px\" \/><\/a><\/p>\n<p><strong>N\u00e3o atravesse alagamentos<\/strong><\/p>\n<p>Se o volume das chuvas aumentar e houver alagamento, pode ser o caso de optar por uma pausa antes de seguir viagem. At\u00e9 metade da altura da roda voc\u00ea consegue ter condi\u00e7\u00f5es m\u00ednimas de dirigibilidade. A partir da\u00ed o ve\u00edculo fica exposto a panes mec\u00e2nicas. Debaixo da enchente \u00e9 imposs\u00edvel saber os obst\u00e1culos, buracos ou sujeiras que existem no asfalto. Al\u00e9m disso, h\u00e1 a possibilidade do ve\u00edculo flutuar e ser arrastado pela enxurrada, o que coloca em risco a seguran\u00e7a do motorista e de seus passageiros. Agora, se n\u00e3o for poss\u00edvel parar o carro em local seguro e voc\u00ea tiver que passar por um ponto alagado, siga as dicas abaixo:<\/p>\n<p><a href=\"http:\/\/paulistapneus.com.br\/site\/wp-content\/uploads\/dica-seguranca-chuva-2.jpg\"><img decoding=\"async\" loading=\"lazy\" class=\"alignnone size-full wp-image-150\" alt=\"dica-seguranca-chuva-2\" src=\"http:\/\/paulistapneus.com.br\/site\/wp-content\/uploads\/dica-seguranca-chuva-2.jpg\" width=\"600\" height=\"400\" srcset=\"http:\/\/paulistapneus.com.br\/site\/wp-content\/uploads\/dica-seguranca-chuva-2.jpg 600w, http:\/\/paulistapneus.com.br\/site\/wp-content\/uploads\/dica-seguranca-chuva-2-300x200.jpg 300w\" sizes=\"(max-width: 600px) 100vw, 600px\" \/><\/a><\/p>\n<p><strong>O carro inundou. E agora?<\/strong><\/p>\n<p>Em caso de alagamento do autom\u00f3vel, o segurado deve comunicar imediatamente seu corretor de seguros ou a Central 24 horas de atendimento da empresa, solicitando um guincho para levar o ve\u00edculo a um local seguro. De acordo com a Porto Seguro, o segurado poder\u00e1 levar o ve\u00edculo \u00e0 oficina de sua prefer\u00eancia, mas n\u00e3o deve autorizar o conserto antes da libera\u00e7\u00e3o da seguradora. A libera\u00e7\u00e3o ser\u00e1 feita por um t\u00e9cnico da empresa, que avaliar\u00e1 se o ve\u00edculo pode ser recuperado ou se houve perda total.<\/p>\n<p>Dica Portal G1 &#8211; Globo.com<\/p>\n<p>&nbsp;<\/p>\n","protected":false},"excerpt":{"rendered":"<p>Seu carro foi afetado pela enchente? Saiba o que fazer Seguros d\u00e3o cobertura total ou parcial em caso de inunda\u00e7\u00e3o do carro. Veja que cuidados tomar para n\u00e3o ficar no preju\u00edzo. Come\u00e7ou a chover forte, o tr\u00e2nsito parou, o temporal engrossou e, de repente, a \u00e1gua come\u00e7a a entrar dentro do carro. E agora? Muita&hellip;<\/p>\n","protected":false},"author":1,"featured_media":151,"parent":0,"menu_order":0,"comment_status":"closed","ping_status":"closed","template":"","meta":{"ngg_post_thumbnail":0},"_links":{"self":[{"href":"http:\/\/paulistapneus.com.br\/site\/index.php?rest_route=\/wp\/v2\/pages\/9"}],"collection":[{"href":"http:\/\/paulistapneus.com.br\/site\/index.php?rest_route=\/wp\/v2\/pages"}],"about":[{"href":"http:\/\/paulistapneus.com.br\/site\/index.php?rest_route=\/wp\/v2\/types\/page"}],"author":[{"embeddable":true,"href":"http:\/\/paulistapneus.com.br\/site\/index.php?rest_route=\/wp\/v2\/users\/1"}],"replies":[{"embeddable":true,"href":"http:\/\/paulistapneus.com.br\/site\/index.php?rest_route=%2Fwp%2Fv2%2Fcomments&post=9"}],"version-history":[{"count":3,"href":"http:\/\/paulistapneus.com.br\/site\/index.php?rest_route=\/wp\/v2\/pages\/9\/revisions"}],"predecessor-version":[{"id":152,"href":"http:\/\/paulistapneus.com.br\/site\/index.php?rest_route=\/wp\/v2\/pages\/9\/revisions\/152"}],"wp:featuredmedia":[{"embeddable":true,"href":"http:\/\/paulistapneus.com.br\/site\/index.php?rest_route=\/wp\/v2\/media\/151"}],"wp:attachment":[{"href":"http:\/\/paulistapneus.com.br\/site\/index.php?rest_route=%2Fwp%2Fv2%2Fmedia&parent=9"}],"curies":[{"name":"wp","href":"https:\/\/api.w.org\/{rel}","templated":true}]}}